{"id":381,"date":"2024-05-27T13:24:25","date_gmt":"2024-05-27T13:24:25","guid":{"rendered":"https:\/\/lkbt-ms.net\/?page_id=381"},"modified":"2024-05-29T04:49:26","modified_gmt":"2024-05-29T04:49:26","slug":"workshops","status":"publish","type":"page","link":"https:\/\/lkbt-ms.net\/?page_id=381","title":{"rendered":"Workshops"},"content":{"rendered":"\t\t<div data-elementor-type=\"wp-page\" data-elementor-id=\"381\" class=\"elementor elementor-381\" data-elementor-post-type=\"page\">\n\t\t\t\t<div class=\"elementor-element elementor-element-5342cd0 e-flex e-con-boxed e-con e-parent\" data-id=\"5342cd0\" data-element_type=\"container\" data-e-type=\"container\">\n\t\t\t\t\t<div class=\"e-con-inner\">\n\t\t\t\t<div class=\"elementor-element elementor-element-f0524d9 elementor-widget elementor-widget-image\" data-id=\"f0524d9\" data-element_type=\"widget\" data-e-type=\"widget\" data-widget_type=\"image.default\">\n\t\t\t\t<div class=\"elementor-widget-container\">\n\t\t\t\t\t\t\t\t\t\t\t\t\t\t\t<img fetchpriority=\"high\" decoding=\"async\" width=\"2560\" height=\"610\" src=\"https:\/\/lkbt-ms.net\/wp-content\/uploads\/2024\/05\/P1012923-scaled-e1716919329989.jpg\" class=\"attachment-full size-full wp-image-527\" alt=\"\" srcset=\"https:\/\/lkbt-ms.net\/wp-content\/uploads\/2024\/05\/P1012923-scaled-e1716919329989.jpg 2560w, https:\/\/lkbt-ms.net\/wp-content\/uploads\/2024\/05\/P1012923-scaled-e1716919329989-300x71.jpg 300w, https:\/\/lkbt-ms.net\/wp-content\/uploads\/2024\/05\/P1012923-scaled-e1716919329989-1024x244.jpg 1024w, https:\/\/lkbt-ms.net\/wp-content\/uploads\/2024\/05\/P1012923-scaled-e1716919329989-768x183.jpg 768w, https:\/\/lkbt-ms.net\/wp-content\/uploads\/2024\/05\/P1012923-scaled-e1716919329989-1536x366.jpg 1536w, https:\/\/lkbt-ms.net\/wp-content\/uploads\/2024\/05\/P1012923-scaled-e1716919329989-2048x488.jpg 2048w\" sizes=\"(max-width: 2560px) 100vw, 2560px\" \/>\t\t\t\t\t\t\t\t\t\t\t\t\t\t\t<\/div>\n\t\t\t\t<\/div>\n\t\t\t\t\t<\/div>\n\t\t\t\t<\/div>\n\t\t<div class=\"elementor-element elementor-element-0134c36 e-flex e-con-boxed e-con e-parent\" data-id=\"0134c36\" data-element_type=\"container\" data-e-type=\"container\" data-settings=\"{&quot;background_background&quot;:&quot;gradient&quot;}\">\n\t\t\t\t\t<div class=\"e-con-inner\">\n\t\t\t\t<div class=\"elementor-element elementor-element-7a32146 elementor-widget elementor-widget-text-editor\" data-id=\"7a32146\" data-element_type=\"widget\" data-e-type=\"widget\" data-widget_type=\"text-editor.default\">\n\t\t\t\t<div class=\"elementor-widget-container\">\n\t\t\t\t\t\t\t\t\t<p><span style=\"color: rgb(13, 13, 13); font-family: ui-sans-serif, -apple-system, system-ui, &quot;Segoe UI&quot;, Roboto, Ubuntu, Cantarell, &quot;Noto Sans&quot;, sans-serif, Helvetica, &quot;Apple Color Emoji&quot;, Arial, &quot;Segoe UI Emoji&quot;, &quot;Segoe UI Symbol&quot;; white-space-collapse: preserve; text-align: var(--text-align); background-color: transparent; font-size: 1rem;\">Wir bieten eine Reihe von spannenden Veranstaltungen in Form von verfilmten Food-Talks an. W\u00e4hrend gemeinsamer Koch-Events mit geretteten Lebensmitteln entdecken wir gemeinsam unterschiedliche Perspektiven auf Essen und beleuchten, warum es sinnvoll sein k\u00f6nnte, diese Sichtweisen in unser Leben einzuladen. Dank der <\/span><a href=\"https:\/\/muenster.adfc.de\/artikel\/pepe-die-pastinakenpedale\" style=\"text-align: var(--text-align); font-size: 1rem; background-color: rgb(255, 255, 255);\">mobile K\u00fcche Pepe<\/a><span style=\"color: rgb(13, 13, 13); font-family: ui-sans-serif, -apple-system, system-ui, &quot;Segoe UI&quot;, Roboto, Ubuntu, Cantarell, &quot;Noto Sans&quot;, sans-serif, Helvetica, &quot;Apple Color Emoji&quot;, Arial, &quot;Segoe UI Emoji&quot;, &quot;Segoe UI Symbol&quot;; white-space-collapse: preserve; text-align: var(--text-align); background-color: transparent; font-size: 1rem;\"> sind wir flexibel bei der Wahl der Veranstaltungsorte. Das bewusste Zubereiten geretteter Lebensmittel verdeutlicht eindrucksvoll unsere Beziehung zum Essen und schafft einen lebendigen Zugang zum Thema. Durch das gemeinsame Kochen schaffen die Referent:innen <\/span><span style=\"white-space-collapse: preserve; text-align: var(--text-align); background-color: transparent; font-size: 1rem; color: var( --e-global-color-text );\">eine nat\u00fcrliche Lernatmosph\u00e4re, die es den Teilnehmenden erm\u00f6glicht, ihr eigenes Ern\u00e4hrungsverhalten zu reflektieren und mehr \u00fcber die globalen Zusammenh\u00e4nge der Lebensmittelproduktion sowie bestehende Machtstrukturen zu erfahren. Diese interaktiven Sessions bieten eine einzigartige Lernm\u00f6glichkeit, bei der sich jeder nach seinen eigenen F\u00e4higkeiten und Interessen einbringen kann. Gleichzeitig werben wir bei diesen Events f\u00fcr unser <\/span><a href=\"https:\/\/lkbt-ms.net\/?page_id=361\" style=\"text-align: var(--text-align); font-size: 1rem; background-color: rgb(255, 255, 255);\">Theaterst\u00fcck<\/a><span style=\"white-space-collapse: preserve; text-align: var(--text-align); background-color: transparent; font-size: 1rem; color: var( --e-global-color-text );\">, das als Anschluss oder sogar vor unseren Workshops eine k\u00fcnstlerische Perspektive auf das Thema wirft.<\/span><br><\/p>\n<p><\/p>\n<p style=\"border: 0px solid rgb(227, 227, 227); --tw-border-spacing-x: 0; --tw-border-spacing-y: 0; --tw-translate-x: 0; --tw-translate-y: 0; --tw-rotate: 0; --tw-skew-x: 0; --tw-skew-y: 0; --tw-scale-x: 1; --tw-scale-y: 1; --tw-pan-x: ; --tw-pan-y: ; --tw-pinch-zoom: ; --tw-scroll-snap-strictness: proximity; --tw-gradient-from-position: ; --tw-gradient-via-position: ; --tw-gradient-to-position: ; --tw-ordinal: ; --tw-slashed-zero: ; --tw-numeric-figure: ; --tw-numeric-spacing: ; --tw-numeric-fraction: ; --tw-ring-inset: ; --tw-ring-offset-width: 0px; --tw-ring-offset-color: #fff; --tw-ring-color: rgba(69,89,164,.5); --tw-ring-offset-shadow: 0 0 transparent; --tw-ring-shadow: 0 0 transparent; --tw-shadow: 0 0 transparent; --tw-shadow-colored: 0 0 transparent; --tw-blur: ; --tw-brightness: ; --tw-contrast: ; --tw-grayscale: ; --tw-hue-rotate: ; --tw-invert: ; --tw-saturate: ; --tw-sepia: ; --tw-drop-shadow: ; --tw-backdrop-blur: ; --tw-backdrop-brightness: ; --tw-backdrop-contrast: ; --tw-backdrop-grayscale: ; --tw-backdrop-hue-rotate: ; --tw-backdrop-invert: ; --tw-backdrop-opacity: ; --tw-backdrop-saturate: ; --tw-backdrop-sepia: ; --tw-contain-size: ; --tw-contain-layout: ; --tw-contain-paint: ; --tw-contain-style: ; margin: 1.25em 0px; color: rgb(13, 13, 13); font-family: ui-sans-serif, -apple-system, system-ui, &quot;Segoe UI&quot;, Roboto, Ubuntu, Cantarell, &quot;Noto Sans&quot;, sans-serif, Helvetica, &quot;Apple Color Emoji&quot;, Arial, &quot;Segoe UI Emoji&quot;, &quot;Segoe UI Symbol&quot;; white-space-collapse: preserve;\">Die Food-Talks sind eine Einf\u00fchrung und Einladung zu unserem Projekt. Dabei werden inhaltliche Schwerpunkte gesetzt und Erfahrungen sowie Lernergebnisse genutzt, um ma\u00dfgeschneiderte Workshopformate in Kooperation mit Partnerorganisationen (z.B. <span style=\"text-align: var(--text-align); background-color: transparent; font-size: 1rem;\"><a href=\"https:\/\/www.iriba-brunnen.de\/\">Iriba-Brunnen e.V.<\/a>) zu entwickeln. Unsere Zielgruppe sind Jugendliche und junge Erwachsene, die im M\u00fcnsterland und den Vororten wohnen. Die Teilnehmer <\/span><span style=\"text-align: var(--text-align); background-color: transparent; color: var( --e-global-color-text ); font-family: -apple-system, BlinkMacSystemFont, &quot;Segoe UI&quot;, Roboto, &quot;Helvetica Neue&quot;, Arial, &quot;Noto Sans&quot;, sans-serif, &quot;Apple Color Emoji&quot;, &quot;Segoe UI Emoji&quot;, &quot;Segoe UI Symbol&quot;, &quot;Noto Color Emoji&quot;; font-size: 1rem;\">werden dazu angeregt, ihre eigenen Ern\u00e4hrungsgewohnheiten kritisch zu hinterfragen. Der Fokus liegt auf den strukturellen Problemen, die hinter unseren Ern\u00e4hrungsgewohnheiten stehen. Themen wie das Nord-S\u00fcd-Gef\u00e4lle durch globale Lieferketten, die negativen Auswirkungen von Handelsabkommen, die Zerst\u00f6rung von Subsistenzwirtschaften, Marktmonopole in der Landwirtschaft und Lebensmittelproduktion, die Privatisierung und Ausbeutung von Ressourcen wie Wasser und Land sowie die Immigrationskontrolle im Interesse westlicher Arbeitsm\u00e4rkte werden kritisch betrachtet. Die Workshops sollen die Teilnehmer <\/span><span style=\"text-align: var(--text-align); background-color: transparent; color: var( --e-global-color-text ); font-family: -apple-system, BlinkMacSystemFont, &quot;Segoe UI&quot;, Roboto, &quot;Helvetica Neue&quot;, Arial, &quot;Noto Sans&quot;, sans-serif, &quot;Apple Color Emoji&quot;, &quot;Segoe UI Emoji&quot;, &quot;Segoe UI Symbol&quot;, &quot;Noto Color Emoji&quot;; font-size: 1rem;\">auch dazu bef\u00e4higen, Alternativen zu entwickeln.<\/span><\/p>\n<p><\/p>\n<p style=\"border: 0px solid rgb(227, 227, 227); --tw-border-spacing-x: 0; --tw-border-spacing-y: 0; --tw-translate-x: 0; --tw-translate-y: 0; --tw-rotate: 0; --tw-skew-x: 0; --tw-skew-y: 0; --tw-scale-x: 1; --tw-scale-y: 1; --tw-pan-x: ; --tw-pan-y: ; --tw-pinch-zoom: ; --tw-scroll-snap-strictness: proximity; --tw-gradient-from-position: ; --tw-gradient-via-position: ; --tw-gradient-to-position: ; --tw-ordinal: ; --tw-slashed-zero: ; --tw-numeric-figure: ; --tw-numeric-spacing: ; --tw-numeric-fraction: ; --tw-ring-inset: ; --tw-ring-offset-width: 0px; --tw-ring-offset-color: #fff; --tw-ring-color: rgba(69,89,164,.5); --tw-ring-offset-shadow: 0 0 transparent; --tw-ring-shadow: 0 0 transparent; --tw-shadow: 0 0 transparent; --tw-shadow-colored: 0 0 transparent; --tw-blur: ; --tw-brightness: ; --tw-contrast: ; --tw-grayscale: ; --tw-hue-rotate: ; --tw-invert: ; --tw-saturate: ; --tw-sepia: ; --tw-drop-shadow: ; --tw-backdrop-blur: ; --tw-backdrop-brightness: ; --tw-backdrop-contrast: ; --tw-backdrop-grayscale: ; --tw-backdrop-hue-rotate: ; --tw-backdrop-invert: ; --tw-backdrop-opacity: ; --tw-backdrop-saturate: ; --tw-backdrop-sepia: ; --tw-contain-size: ; --tw-contain-layout: ; --tw-contain-paint: ; --tw-contain-style: ; margin: 1.25em 0px; color: rgb(13, 13, 13); font-family: ui-sans-serif, -apple-system, system-ui, &quot;Segoe UI&quot;, Roboto, Ubuntu, Cantarell, &quot;Noto Sans&quot;, sans-serif, Helvetica, &quot;Apple Color Emoji&quot;, Arial, &quot;Segoe UI Emoji&quot;, &quot;Segoe UI Symbol&quot;; white-space-collapse: preserve;\">Unser Team besteht aus Theater- und Umweltp\u00e4dagog:innen<span style=\"text-align: var(--text-align); background-color: transparent; color: var( --e-global-color-text ); font-family: -apple-system, BlinkMacSystemFont, &quot;Segoe UI&quot;, Roboto, &quot;Helvetica Neue&quot;, Arial, &quot;Noto Sans&quot;, sans-serif, &quot;Apple Color Emoji&quot;, &quot;Segoe UI Emoji&quot;, &quot;Segoe UI Symbol&quot;, &quot;Noto Color Emoji&quot;; font-size: 1rem;\">, rassismuskritischen Trainer:innen <\/span><span style=\"text-align: var(--text-align); background-color: transparent; color: var( --e-global-color-text ); font-family: -apple-system, BlinkMacSystemFont, &quot;Segoe UI&quot;, Roboto, &quot;Helvetica Neue&quot;, Arial, &quot;Noto Sans&quot;, sans-serif, &quot;Apple Color Emoji&quot;, &quot;Segoe UI Emoji&quot;, &quot;Segoe UI Symbol&quot;, &quot;Noto Color Emoji&quot;; font-size: 1rem;\">sowie einer studentischen Hilfskraft des Fachbereichs Oecotrophologie. Wir stellen sicher, dass die Workshopkonzepte von einem intersektionalen und interdisziplin\u00e4ren Team erarbeitet werden, um umfassende und diverse Perspektiven einzubringen.<\/span><\/p>\n<p><\/p>\n<p style=\"border: 0px solid rgb(227, 227, 227); --tw-border-spacing-x: 0; --tw-border-spacing-y: 0; --tw-translate-x: 0; --tw-translate-y: 0; --tw-rotate: 0; --tw-skew-x: 0; --tw-skew-y: 0; --tw-scale-x: 1; --tw-scale-y: 1; --tw-pan-x: ; --tw-pan-y: ; --tw-pinch-zoom: ; --tw-scroll-snap-strictness: proximity; --tw-gradient-from-position: ; --tw-gradient-via-position: ; --tw-gradient-to-position: ; --tw-ordinal: ; --tw-slashed-zero: ; --tw-numeric-figure: ; --tw-numeric-spacing: ; --tw-numeric-fraction: ; --tw-ring-inset: ; --tw-ring-offset-width: 0px; --tw-ring-offset-color: #fff; --tw-ring-color: rgba(69,89,164,.5); --tw-ring-offset-shadow: 0 0 transparent; --tw-ring-shadow: 0 0 transparent; --tw-shadow: 0 0 transparent; --tw-shadow-colored: 0 0 transparent; --tw-blur: ; --tw-brightness: ; --tw-contrast: ; --tw-grayscale: ; --tw-hue-rotate: ; --tw-invert: ; --tw-saturate: ; --tw-sepia: ; --tw-drop-shadow: ; --tw-backdrop-blur: ; --tw-backdrop-brightness: ; --tw-backdrop-contrast: ; --tw-backdrop-grayscale: ; --tw-backdrop-hue-rotate: ; --tw-backdrop-invert: ; --tw-backdrop-opacity: ; --tw-backdrop-saturate: ; --tw-backdrop-sepia: ; --tw-contain-size: ; --tw-contain-layout: ; --tw-contain-paint: ; --tw-contain-style: ; margin: 1.25em 0px; color: rgb(13, 13, 13); font-family: ui-sans-serif, -apple-system, system-ui, &quot;Segoe UI&quot;, Roboto, Ubuntu, Cantarell, &quot;Noto Sans&quot;, sans-serif, Helvetica, &quot;Apple Color Emoji&quot;, Arial, &quot;Segoe UI Emoji&quot;, &quot;Segoe UI Symbol&quot;; white-space-collapse: preserve;\">Wir laden Sie herzlich ein, an unseren Workshops teilzunehmen und sich aktiv in dieses spannende Projekt einzubringen. Die ausgearbeiteten Workshopkonzepte werden auf unserer <a href=\"https:\/\/lkbt-ms.net\/?page_id=432\" style=\"background-color: rgb(255, 255, 255); font-family: -apple-system, BlinkMacSystemFont, &quot;Segoe UI&quot;, Roboto, &quot;Helvetica Neue&quot;, Arial, &quot;Noto Sans&quot;, sans-serif, &quot;Apple Color Emoji&quot;, &quot;Segoe UI Emoji&quot;, &quot;Segoe UI Symbol&quot;, &quot;Noto Color Emoji&quot;; white-space-collapse: collapse;\">Website&nbsp;<\/a>hochgeladen, nachdem sie entwickelt und erprobt wurden.<\/p>\n<div><br><\/div>\t\t\t\t\t\t\t\t<\/div>\n\t\t\t\t<\/div>\n\t\t\t\t\t<\/div>\n\t\t\t\t<\/div>\n\t\t\t\t<\/div>\n\t\t","protected":false},"excerpt":{"rendered":"<p>Wir bieten eine Reihe von spannenden Veranstaltungen in Form von verfilmten Food-Talks an. W\u00e4hrend gemeinsamer Koch-Events mit geretteten Lebensmitteln entdecken wir gemeinsam unterschiedliche Perspektiven auf Essen und beleuchten, warum es [&hellip;]<\/p>\n","protected":false},"author":1,"featured_media":0,"parent":0,"menu_order":0,"comment_status":"closed","ping_status":"closed","template":"","meta":{"footnotes":""},"class_list":["post-381","page","type-page","status-publish","hentry"],"_links":{"self":[{"href":"https:\/\/lkbt-ms.net\/index.php?rest_route=\/wp\/v2\/pages\/381","targetHints":{"allow":["GET"]}}],"collection":[{"href":"https:\/\/lkbt-ms.net\/index.php?rest_route=\/wp\/v2\/pages"}],"about":[{"href":"https:\/\/lkbt-ms.net\/index.php?rest_route=\/wp\/v2\/types\/page"}],"author":[{"embeddable":true,"href":"https:\/\/lkbt-ms.net\/index.php?rest_route=\/wp\/v2\/users\/1"}],"replies":[{"embeddable":true,"href":"https:\/\/lkbt-ms.net\/index.php?rest_route=%2Fwp%2Fv2%2Fcomments&post=381"}],"version-history":[{"count":28,"href":"https:\/\/lkbt-ms.net\/index.php?rest_route=\/wp\/v2\/pages\/381\/revisions"}],"predecessor-version":[{"id":662,"href":"https:\/\/lkbt-ms.net\/index.php?rest_route=\/wp\/v2\/pages\/381\/revisions\/662"}],"wp:attachment":[{"href":"https:\/\/lkbt-ms.net\/index.php?rest_route=%2Fwp%2Fv2%2Fmedia&parent=381"}],"curies":[{"name":"wp","href":"https:\/\/api.w.org\/{rel}","templated":true}]}}