{"id":361,"date":"2024-05-27T05:49:16","date_gmt":"2024-05-27T05:49:16","guid":{"rendered":"https:\/\/lkbt-ms.net\/?page_id=361"},"modified":"2024-05-30T17:59:20","modified_gmt":"2024-05-30T17:59:20","slug":"theater-2","status":"publish","type":"page","link":"https:\/\/lkbt-ms.net\/?page_id=361","title":{"rendered":"Theater"},"content":{"rendered":"\t\t<div data-elementor-type=\"wp-page\" data-elementor-id=\"361\" class=\"elementor elementor-361\" data-elementor-post-type=\"page\">\n\t\t\t\t\t\t<section class=\"elementor-section elementor-top-section elementor-element elementor-element-74c74161 elementor-section-boxed elementor-section-height-default elementor-section-height-default\" data-id=\"74c74161\" data-element_type=\"section\" data-e-type=\"section\" data-settings=\"{&quot;background_background&quot;:&quot;classic&quot;}\">\n\t\t\t\t\t\t<div class=\"elementor-container elementor-column-gap-no\">\n\t\t\t\t\t<div class=\"elementor-column elementor-col-100 elementor-top-column elementor-element elementor-element-4aa1721f\" data-id=\"4aa1721f\" data-element_type=\"column\" data-e-type=\"column\">\n\t\t\t<div class=\"elementor-widget-wrap elementor-element-populated\">\n\t\t\t\t\t\t<div class=\"elementor-element elementor-element-133e604d elementor-align-center elementor-widget elementor-widget-button\" data-id=\"133e604d\" data-element_type=\"widget\" data-e-type=\"widget\" data-widget_type=\"button.default\">\n\t\t\t\t<div class=\"elementor-widget-container\">\n\t\t\t\t\t\t\t\t\t<div class=\"elementor-button-wrapper\">\n\t\t\t\t\t<a class=\"elementor-button elementor-button-link elementor-size-sm\" href=\"#\">\n\t\t\t\t\t\t<span class=\"elementor-button-content-wrapper\">\n\t\t\t\t\t\t\t\t\t<span class=\"elementor-button-text\">What we do<\/span>\n\t\t\t\t\t<\/span>\n\t\t\t\t\t<\/a>\n\t\t\t\t<\/div>\n\t\t\t\t\t\t\t\t<\/div>\n\t\t\t\t<\/div>\n\t\t\t\t\t<\/div>\n\t\t<\/div>\n\t\t\t\t\t<\/div>\n\t\t<\/section>\n\t\t\t\t<section class=\"elementor-section elementor-top-section elementor-element elementor-element-20f7cd67 elementor-section-boxed elementor-section-height-default elementor-section-height-default\" data-id=\"20f7cd67\" data-element_type=\"section\" data-e-type=\"section\" data-settings=\"{&quot;background_background&quot;:&quot;classic&quot;}\">\n\t\t\t\t\t\t<div class=\"elementor-container elementor-column-gap-default\">\n\t\t\t\t\t<div class=\"elementor-column elementor-col-100 elementor-top-column elementor-element elementor-element-9faced8\" data-id=\"9faced8\" data-element_type=\"column\" data-e-type=\"column\">\n\t\t\t<div class=\"elementor-widget-wrap elementor-element-populated\">\n\t\t\t\t<div class=\"elementor-element elementor-element-b67104c e-con-full e-flex e-con e-parent\" data-id=\"b67104c\" data-element_type=\"container\" data-e-type=\"container\" data-settings=\"{&quot;background_background&quot;:&quot;classic&quot;}\">\n\t\t<div class=\"elementor-element elementor-element-822a384 e-con-full e-flex e-con e-child\" data-id=\"822a384\" data-element_type=\"container\" data-e-type=\"container\" data-settings=\"{&quot;background_background&quot;:&quot;classic&quot;}\">\n\t\t<div class=\"elementor-element elementor-element-1bbbc65 e-con-full e-flex e-con e-child\" data-id=\"1bbbc65\" data-element_type=\"container\" data-e-type=\"container\">\n\t\t<div class=\"elementor-element elementor-element-c21950b e-con-full e-flex e-con e-child\" data-id=\"c21950b\" data-element_type=\"container\" data-e-type=\"container\">\n\t\t\t\t<div class=\"elementor-element elementor-element-af9210e elementor-widget elementor-widget-heading\" data-id=\"af9210e\" data-element_type=\"widget\" data-e-type=\"widget\" data-widget_type=\"heading.default\">\n\t\t\t\t<div class=\"elementor-widget-container\">\n\t\t\t\t\t<h1 class=\"elementor-heading-title elementor-size-default\">Theater<\/h1>\t\t\t\t<\/div>\n\t\t\t\t<\/div>\n\t\t\t\t<div class=\"elementor-element elementor-element-dd1d116 elementor-widget elementor-widget-heading\" data-id=\"dd1d116\" data-element_type=\"widget\" data-e-type=\"widget\" data-widget_type=\"heading.default\">\n\t\t\t\t<div class=\"elementor-widget-container\">\n\t\t\t\t\t<h3 class=\"elementor-heading-title elementor-size-default\">Lustig-traurig, schockierend, Impulsgebend<\/h3>\t\t\t\t<\/div>\n\t\t\t\t<\/div>\n\t\t\t\t<\/div>\n\t\t\t\t<\/div>\n\t\t\t\t<\/div>\n\t\t\t\t<\/div>\n\t\t\t\t\t<\/div>\n\t\t<\/div>\n\t\t\t\t\t<\/div>\n\t\t<\/section>\n\t\t<div class=\"elementor-element elementor-element-0d50284 e-flex e-con-boxed e-con e-parent\" data-id=\"0d50284\" data-element_type=\"container\" data-e-type=\"container\">\n\t\t\t\t\t<div class=\"e-con-inner\">\n\t\t\t\t<div class=\"elementor-element elementor-element-14b3a3b elementor-widget elementor-widget-text-editor\" data-id=\"14b3a3b\" data-element_type=\"widget\" data-e-type=\"widget\" data-widget_type=\"text-editor.default\">\n\t\t\t\t<div class=\"elementor-widget-container\">\n\t\t\t\t\t\t\t\t\t<p style=\"background-color: #f6f6f6;\">Wir werden 4 Vorstellungen in 2024 durchf\u00fchren. Wir empfehlen vor und\/oder nach der Vorstellung ein LKBT <a href=\"https:\/\/lkbt-ms.net\/?page_id=381\">Workshop <\/a>zu besuchen um kaum bekannte Perspektive auf unseren Lieferketten tiefgreifend zu nachvollziehen und erm\u00e4chtigter zu sein, einen positiven Beitrag in unserer Welt zu bringen. Es ist ein au\u00dfergew\u00f6hnliches St\u00fcck bei dem wir\u00a0 auch mit Expert:innen der Visuellen K\u00fcnste arbeiten, die mit Leidenschaft dazu beitragen, die Essenz des Lieferketten-Befreiungstheaters einzufangen.<\/p><p style=\"background-color: #f6f6f6;\">Seien sie Teil der bewegenden Reise und lassen Sie sich von den inspirierenden Perspektiven, die unser Projekt bietet, verzaubern. Willkommen im Lieferkettenbefreiungs-Theater \u2013 wo Kunst auf Aktivismus trifft und Ver\u00e4nderung m\u00f6glich wird!<\/p>\t\t\t\t\t\t\t\t<\/div>\n\t\t\t\t<\/div>\n\t\t\t\t\t<\/div>\n\t\t\t\t<\/div>\n\t\t\t\t<\/div>\n\t\t","protected":false},"excerpt":{"rendered":"<p>What we do Theater Lustig-traurig, schockierend, Impulsgebend Wir werden 4 Vorstellungen in 2024 durchf\u00fchren. Wir empfehlen vor und\/oder nach der Vorstellung ein LKBT Workshop zu besuchen um kaum bekannte Perspektive [&hellip;]<\/p>\n","protected":false},"author":1,"featured_media":0,"parent":0,"menu_order":0,"comment_status":"closed","ping_status":"closed","template":"","meta":{"footnotes":""},"class_list":["post-361","page","type-page","status-publish","hentry"],"_links":{"self":[{"href":"https:\/\/lkbt-ms.net\/index.php?rest_route=\/wp\/v2\/pages\/361","targetHints":{"allow":["GET"]}}],"collection":[{"href":"https:\/\/lkbt-ms.net\/index.php?rest_route=\/wp\/v2\/pages"}],"about":[{"href":"https:\/\/lkbt-ms.net\/index.php?rest_route=\/wp\/v2\/types\/page"}],"author":[{"embeddable":true,"href":"https:\/\/lkbt-ms.net\/index.php?rest_route=\/wp\/v2\/users\/1"}],"replies":[{"embeddable":true,"href":"https:\/\/lkbt-ms.net\/index.php?rest_route=%2Fwp%2Fv2%2Fcomments&post=361"}],"version-history":[{"count":29,"href":"https:\/\/lkbt-ms.net\/index.php?rest_route=\/wp\/v2\/pages\/361\/revisions"}],"predecessor-version":[{"id":768,"href":"https:\/\/lkbt-ms.net\/index.php?rest_route=\/wp\/v2\/pages\/361\/revisions\/768"}],"wp:attachment":[{"href":"https:\/\/lkbt-ms.net\/index.php?rest_route=%2Fwp%2Fv2%2Fmedia&parent=361"}],"curies":[{"name":"wp","href":"https:\/\/api.w.org\/{rel}","templated":true}]}}